{"id":16,"date":"2023-11-22T18:08:25","date_gmt":"2023-11-22T17:08:25","guid":{"rendered":"https:\/\/astira.org\/?page_id=16"},"modified":"2026-01-16T18:42:01","modified_gmt":"2026-01-16T17:42:01","slug":"16-2","status":"publish","type":"page","link":"https:\/\/astira.org\/","title":{"rendered":"Accueil"},"content":{"rendered":"<p>[et_pb_section fb_built=\u00a0\u00bb1&Prime; fullwidth=\u00a0\u00bbon\u00a0\u00bb _builder_version=\u00a0\u00bb4.23.1&Prime; _module_preset=\u00a0\u00bbdefault\u00a0\u00bb global_colors_info=\u00a0\u00bb{}\u00a0\u00bb][et_pb_fullwidth_header title=\u00a0\u00bbASTIRA\u00a0\u00bb subhead=\u00a0\u00bbAssociation Sportive des Tireurs Ar\u00e9diens\u00a0\u00bb text_orientation=\u00a0\u00bbcenter\u00a0\u00bb background_overlay_color=\u00a0\u00bbrgba(94,125,135,0.81)\u00a0\u00bb logo_image_url=\u00a0\u00bbhttps:\/\/astira.org\/wp-content\/uploads\/2023\/11\/cropped-LogoASTIRA760x760-150&#215;150.jpg\u00a0\u00bb _builder_version=\u00a0\u00bb4.23.1&Prime; _module_preset=\u00a0\u00bbdefault\u00a0\u00bb title_font=\u00a0\u00bb|800|||||||\u00a0\u00bb title_text_color=\u00a0\u00bb#E02B20&Prime; title_font_size=\u00a0\u00bb46px\u00a0\u00bb title_letter_spacing=\u00a0\u00bb16px\u00a0\u00bb content_text_color=\u00a0\u00bb#FFFFFF\u00a0\u00bb content_font_size=\u00a0\u00bb19px\u00a0\u00bb subhead_font_size=\u00a0\u00bb23px\u00a0\u00bb background_image=\u00a0\u00bbhttps:\/\/astira.org\/wp-content\/uploads\/2023\/11\/Fond_Entete.jpg\u00a0\u00bb custom_padding=\u00a0\u00bb0px||0px||false|false\u00a0\u00bb animation_style=\u00a0\u00bbslide\u00a0\u00bb animation_intensity_slide=\u00a0\u00bb5%\u00a0\u00bb title_text_shadow_style=\u00a0\u00bbpreset5&Prime; title_text_shadow_color=\u00a0\u00bb#FFFFFF\u00a0\u00bb border_radii_image=\u00a0\u00bbon|92px|92px|92px|92px\u00a0\u00bb border_width_all_image=\u00a0\u00bb8px\u00a0\u00bb border_color_all_image=\u00a0\u00bb#E02B20&Prime; global_colors_info=\u00a0\u00bb{}\u00a0\u00bb]<\/p>\n<p>Toute l&rsquo;actualit\u00e9 du club de tir sportif de Saint-Yrieix-La-Perche<\/p>\n<p>[\/et_pb_fullwidth_header][\/et_pb_section][et_pb_section fb_built=\u00a0\u00bb1&Prime; specialty=\u00a0\u00bbon\u00a0\u00bb _builder_version=\u00a0\u00bb4.23.1&Prime; _module_preset=\u00a0\u00bbdefault\u00a0\u00bb background_color=\u00a0\u00bbRGBA(255,255,255,0)\u00a0\u00bb global_colors_info=\u00a0\u00bb{}\u00a0\u00bb][et_pb_column type=\u00a0\u00bb3_4&Prime; specialty_columns=\u00a0\u00bb3&Prime; _builder_version=\u00a0\u00bb4.16&Prime; custom_padding=\u00a0\u00bb|||\u00a0\u00bb global_colors_info=\u00a0\u00bb{}\u00a0\u00bb custom_padding__hover=\u00a0\u00bb|||\u00a0\u00bb][et_pb_row_inner _builder_version=\u00a0\u00bb4.23.1&Prime; _module_preset=\u00a0\u00bbdefault\u00a0\u00bb background_color=\u00a0\u00bb#FFFFFF\u00a0\u00bb background_image=\u00a0\u00bbhttps:\/\/astira.org\/wp-content\/uploads\/2023\/11\/FondGrisBDD2Rouge2.png\u00a0\u00bb background_size=\u00a0\u00bbinitial\u00a0\u00bb background_repeat=\u00a0\u00bbround\u00a0\u00bb box_shadow_style=\u00a0\u00bbpreset2&Prime; box_shadow_color=\u00a0\u00bb#00160f\u00a0\u00bb global_colors_info=\u00a0\u00bb{}\u00a0\u00bb][et_pb_column_inner saved_specialty_column_type=\u00a0\u00bb3_4&Prime; _builder_version=\u00a0\u00bb4.23.1&Prime; _module_preset=\u00a0\u00bbdefault\u00a0\u00bb global_colors_info=\u00a0\u00bb{}\u00a0\u00bb][et_pb_blurb title=\u00a0\u00bbPr\u00e9sentation rapide du club\u00a0\u00bb image=\u00a0\u00bbhttps:\/\/astira.org\/wp-content\/uploads\/2023\/11\/Photo2.jpg\u00a0\u00bb image_icon_width=\u00a0\u00bb61%\u00a0\u00bb _builder_version=\u00a0\u00bb4.27.5&Prime; _module_preset=\u00a0\u00bbdefault\u00a0\u00bb header_level=\u00a0\u00bbh2&Prime; header_font=\u00a0\u00bbLibre Franklin||||||||\u00a0\u00bb header_text_align=\u00a0\u00bbcenter\u00a0\u00bb image_icon_custom_padding=\u00a0\u00bb||8px|8px|false|false\u00a0\u00bb hover_enabled=\u00a0\u00bb0&Prime; border_color_all_image=\u00a0\u00bb#7ebec5&Prime; border_width_bottom_image=\u00a0\u00bb5px\u00a0\u00bb border_width_left_image=\u00a0\u00bb5px\u00a0\u00bb global_colors_info=\u00a0\u00bb{}\u00a0\u00bb sticky_enabled=\u00a0\u00bb0&Prime;]<\/p>\n<p style=\"text-align: justify;\"><span>D\u00e9but 2026, le club comptait plus de 220 licenci\u00e9s (loisir ou comp\u00e9tition).<\/span><br \/>Son stand de tir homologu\u00e9 situ\u00e9 \u00e0 3 Km de <a href=\"https:\/\/saint-yrieix.fr\/\" target=\"_blank\" rel=\"noopener\" title=\"Site de la ville de Saint-Yrieix-La-Perche\">Saint-Yrieix-La-Perche<\/a> permet le tir sportif conform\u00e9ment \u00e0 la r\u00e9glementation impos\u00e9e par la <a href=\"https:\/\/www.fftir.org\/\" target=\"_blank\" rel=\"noopener\" title=\"https:\/\/www.fftir.org\/\">F\u00e9d\u00e9ration Fran\u00e7aise De Tir<\/a>.<\/p>\n<p style=\"text-align: justify;\">Il est possible de pratiquer :<\/p>\n<ul style=\"text-align: justify;\">\n<li>le tir sportif aux armes modernes (en pr\u00e9cision et vitesse sur cibles pivotantes pour les armes de poing);<\/li>\n<li>le tir aux armes r\u00e9glementaires (TAR), ayant \u00e9t\u00e9 en service dans des arm\u00e9es et ne poss\u00e9dant pas d&rsquo;organes de vis\u00e9e r\u00e9glables (en pr\u00e9cision et vitesse sur gongs basculants);<\/li>\n<li>le tir aux armes anciennes \u00e0 poudre noire\u00a0: discipline des collectionneurs ou des comp\u00e9titeurs entretenant avec passion les armes anciennes\u00a0 d&rsquo;origine (avant 1900) ou des r\u00e9pliques fonctionnant avec diff\u00e9rents syst\u00e8mes de mise \u00e0 feu (m\u00e8che, silex, percussion);<\/li>\n<li>le tir de pr\u00e9cision avec appui \u00e0 50 ou 100m, utilisant des carabines \u00e9quip\u00e9es de lunettes t\u00e9l\u00e9scopiques dans une \u00e9preuve appel\u00e9e \u00ab 22 Hunter<a href=\"https:\/\/astira.org\/index.php\/contacts\/\" title=\"Allez \u00e0 la page des contacts\"><\/a>\u00a0\u00bb;<\/li>\n<\/ul>\n<p style=\"text-align: justify;\">Les nouveaux licenci\u00e9s sont encadr\u00e9s par des animateurs brevet\u00e9s de la FFT. Pour leur formation, l\u2019association dispose d\u2019armes de poing et d\u2019\u00e9paule.<br \/>Les s\u00e9ances \u00ab encadr\u00e9es<a href=\"https:\/\/astira.org\/index.php\/contacts\/\" title=\"Allez \u00e0 la page des contacts\"><\/a>\u00a0\u00bb ont lieu tous les samedis (matin et apr\u00e8s-midi), les dimanches matin, les mercredis apr\u00e8s-midi et jeudis matin.<\/p>\n<p style=\"text-align: justify;\">Pour tout renseignement compl\u00e9mentaire, vous pouvez adresser vos courriels via la page \u00ab\u00a0<a href=\"https:\/\/astira.org\/index.php\/contacts\/\" title=\"Allez \u00e0 la page des contacts\">contacts<\/a>\u00a0\u00bb.<\/p>\n<p style=\"text-align: center;\">\ud83c\udfaf<\/p>\n<p>[\/et_pb_blurb][\/et_pb_column_inner][\/et_pb_row_inner][et_pb_row_inner _builder_version=\u00a0\u00bb4.23.1&Prime; _module_preset=\u00a0\u00bbdefault\u00a0\u00bb global_colors_info=\u00a0\u00bb{}\u00a0\u00bb][et_pb_column_inner saved_specialty_column_type=\u00a0\u00bb3_4&Prime; _builder_version=\u00a0\u00bb4.23.1&Prime; _module_preset=\u00a0\u00bbdefault\u00a0\u00bb global_colors_info=\u00a0\u00bb{}\u00a0\u00bb][et_pb_toggle title=\u00a0\u00bbLe mot du pr\u00e9sident\u00a0\u00bb closed_toggle_text_color=\u00a0\u00bb#000000&Prime; icon_color=\u00a0\u00bb#000000&Prime; _builder_version=\u00a0\u00bb4.23.4&Prime; _module_preset=\u00a0\u00bbdefault\u00a0\u00bb title_level=\u00a0\u00bbh4&Prime; title_font=\u00a0\u00bb|700|||||||\u00a0\u00bb box_shadow_style=\u00a0\u00bbpreset2&Prime; box_shadow_color=\u00a0\u00bb#00160f\u00a0\u00bb global_colors_info=\u00a0\u00bb{}\u00a0\u00bb]<\/p>\n<p><img loading=\"lazy\" decoding=\"async\" src=\"https:\/\/astira.org\/wp-content\/uploads\/2023\/11\/L_-GUICHARD-294x300.jpg\" width=\"81\" height=\"83\" alt=\"Laurent Guichard, Pr\u00e9sident d'ASTIRA\" class=\"wp-image-81 alignleft size-medium\" srcset=\"https:\/\/astira.org\/wp-content\/uploads\/2023\/11\/L_-GUICHARD-294x300.jpg 294w, https:\/\/astira.org\/wp-content\/uploads\/2023\/11\/L_-GUICHARD.jpg 463w\" sizes=\"(max-width: 81px) 100vw, 81px\" \/><span class='et-dropcap'>C<\/span>ompte tenu de l&rsquo;augmentation importante des licenci\u00e9s du club, les places disponibles au stand le samedi matin sont rares. Les nouvelles inscriptions vont \u00eatre limit\u00e9es et l&rsquo;application stricte des <a href=\"https:\/\/astira.org\/wp-content\/uploads\/2023\/11\/Status-ASTIRA-2021.pdf\" target=\"_blank\" rel=\"noopener\" title=\"Afficher les statuts\">statuts<\/a> sera de r\u00e8gle : tout nouveau candidat devra \u00eatre pr\u00e9sent\u00e9 par un membre du club et devra s&rsquo;engager \u00e0 pratiquer la comp\u00e9tition.<\/p>\n<p style=\"text-align: justify;\">Sachez \u00e9galement que la pratique des armes n\u00e9cessite du s\u00e9rieux, ainsi qu&rsquo;une discipline personnelle qui sont n\u00e9cessaires \u00e0 la s\u00e9curit\u00e9 au pas de tir. De plus, il n&rsquo;est pas question d&rsquo;accueillir des personnes douteuses, que ce soit \u00e0 propos d&rsquo;activit\u00e9s malfaisantes ou m\u00eame simplement avec des arri\u00e8res pens\u00e9es sur un besoin d&rsquo;auto-d\u00e9fense&#8230;<\/p>\n<p style=\"text-align: justify;\">Ceci dit, si vous souhaitez toujours faire partie du club et \u00eatre licenci\u00e9 de la FFT (f\u00e9d\u00e9ration fran\u00e7aise de tir), il faudra remplir une demande d&rsquo;adh\u00e9sion (que je vous fournirai). Je la validerai apr\u00e8s un entretien avec vous et avec votre \u00ab parrain\u00a0\u00bb si je consid\u00e8re que vous venez bien avec un \u00e9tat d&rsquo;esprit purement sportif. Il vous faudra \u00e9galement fournir un <a href=\"https:\/\/astira.org\/wp-content\/uploads\/2023\/11\/Modele-FFTir-de-Certificat-medical-2023_2024.pdf\" target=\"_blank\" rel=\"noopener\" title=\"Afficher le document\">certificat d&rsquo;aptitude m\u00e9dicale<\/a> o\u00f9 le m\u00e9de\u00e7in s&rsquo;engagera sur votre \u00e9tat physique. Pour les mineurs, une <a href=\"https:\/\/astira.org\/wp-content\/uploads\/2023\/12\/Autorisation_Parentale_FFTIR.pdf\" title=\"Afficher le document\" target=\"_blank\" rel=\"noopener\">autorisation parentale<\/a> sign\u00e9e des deux parents est n\u00e9cessaire.<\/p>\n<p style=\"text-align: justify;\">Le stand se trouve sur la route de Coussac-Bonneval, sur la droite en quittant Saint-Yrieix-La-Perche, juste avant d&rsquo;arriver \u00e0 l&#8217;embranchement qui m\u00e8ne \u00e0 la d\u00e9ch\u00e8terie municipale.<\/p>\n<p style=\"text-align: justify;\">Les s\u00e9ances \u00ab encadr\u00e9es\u00a0\u00bb se d\u00e9roulent le samedi de 9H00 \u00e0 12H00 et de 14h00 \u00e0 17h00, le dimanche matin de 9h00 \u00e0 12h00, le mercredi de 14h00 \u00e0 17h00 et le jeudi de 9h00 \u00e0 12h00.<\/p>\n<p style=\"text-align: justify;\">Pour vos d\u00e9buts vous serez encadr\u00e9s par un animateur brevet\u00e9 par la FFT\u00a0 qui sera charg\u00e9 de vous enseigner aussi bien les r\u00e8gles de s\u00e9curit\u00e9 que les connaissances techniques qui vous permettront de progresser dans les diff\u00e9rentes disciplines du tir sportif.<br \/>En g\u00e9n\u00e9ral, au bout de deux mois avec une pr\u00e9sence r\u00e9guli\u00e8re, et apr\u00e8s avoir \u00e9tudi\u00e9 le \u00ab manuel de d\u00e9couverte du tir sportif \u00bb de la FFT que je vous fournirai, vous passerez un\u00a0test sur les connaissances\u00a0des diff\u00e9rentes r\u00e8gles et comportements de s\u00e9curit\u00e9.\u00a0 Il s&rsquo;agit d&rsquo;un questionnaire\u00a0avec des \u00ab questions \u00e0 choix multiple \u00bb qui reprend les r\u00e8gles de base \u00e0 respecter imp\u00e9rativement. La r\u00e9ussite de ce test\u00a0 vous permettra de tirer seul au pas de tir. De plus, l&rsquo;obtention de ce certificat de contr\u00f4le des connaissances sera port\u00e9 sur votre carnet de tir et d&rsquo;assiduit\u00e9 sur lequel seront valid\u00e9s vos tirs control\u00e9s.<\/p>\n<p style=\"text-align: justify;\">Vous pourrez pratiquer le tir sportif \u00e0 l&rsquo;arme de poing (pistolet ou r\u00e9volver) \u00e0 25m ou\u00a0\u00e0 l&rsquo;arme d&rsquo;\u00e9paule (carabine ou fusil) \u00e0 25, 50 ou 100m.<\/p>\n<p style=\"text-align: justify;\">Des armes de qualit\u00e9 ainsi que des casques anti-bruit et des lunettes de s\u00e9curit\u00e9 sont pr\u00eat\u00e9s aux nouveaux membres. Des cibles, des munitions et les accessoires n\u00e9cessaires \u00e0 la pratique du tir sportif sont disponibles \u00e0 notre point de vente.<\/p>\n<p style=\"text-align: justify;\">Pour un adulte, la licence est de 140 \u20ac et comprend une part pour la FFT, une part pour l&rsquo;assurance, et une part pour le club, ce qui nous permet d&rsquo;am\u00e9nager et d&rsquo;entretenir les installations, et de renouveler les armes du club. Pour info, il n&rsquo;y a que des b\u00e9n\u00e9voles dans notre association sportive, et ASTIRA n&rsquo;a pas vocation \u00e0 faire de b\u00e9n\u00e9fices.<\/p>\n<p style=\"text-align: justify;\">Si vous souhaitez acqu\u00e9rir une arme de cat\u00e9gorie B (arme de poing ou d&rsquo;\u00e9paule semi-automatique),\u00a0 vous pourrez demander aupr\u00e8s du pr\u00e9sident du club un avis pr\u00e9alable puis d\u00e9poser sous certaines conditions une demande de d\u00e9tention aupr\u00e8s du bureau des armes de la pr\u00e9fecture apr\u00e8s une p\u00e9riode minimum de six mois de pr\u00e9sence au club.<\/p>\n<p style=\"text-align: justify;\">En France, la d\u00e9tention d&rsquo;armes sportives est tr\u00e8s r\u00e9glement\u00e9e (\u00e0 juste titre) et la pratique du tir sportif ne peut se faire que dans des installations homologu\u00e9es.<\/p>\n<p style=\"text-align: justify;\">Sachez bien que vous ne pratiquerez pas le tir sportif seul dans un coin. La premi\u00e8re r\u00eagle est la convivialit\u00e9, et faire partie d&rsquo;ASTIRA, c&rsquo;est d&rsquo;abord int\u00e9grer une \u00e9quipe d&rsquo;amis qui prennent plaisir\u00a0\u00e0 se retrouver pour pratiquer leur sport favori en s\u00e9curit\u00e9.<\/p>\n<p style=\"text-align: center;\">\ud83d\udc4b\ud83d\udc4b\ud83d\udc4b<\/p>\n<p>[\/et_pb_toggle][\/et_pb_column_inner][\/et_pb_row_inner][et_pb_row_inner _builder_version=\u00a0\u00bb4.23.1&Prime; _module_preset=\u00a0\u00bbdefault\u00a0\u00bb global_colors_info=\u00a0\u00bb{}\u00a0\u00bb][et_pb_column_inner saved_specialty_column_type=\u00a0\u00bb3_4&Prime; _builder_version=\u00a0\u00bb4.23.1&Prime; _module_preset=\u00a0\u00bbdefault\u00a0\u00bb global_colors_info=\u00a0\u00bb{}\u00a0\u00bb][et_pb_button button_url=\u00a0\u00bb@ET-DC@eyJkeW5hbWljIjp0cnVlLCJjb250ZW50IjoicG9zdF9saW5rX3VybF9wYWdlIiwic2V0dGluZ3MiOnsicG9zdF9pZCI6IjI5In19@\u00a0\u00bb button_text=\u00a0\u00bbTous les renseignements pratiques et les documents \u00e0 t\u00e9l\u00e9charger\u00a0\u00bb button_alignment=\u00a0\u00bbcenter\u00a0\u00bb _builder_version=\u00a0\u00bb4.23.1&Prime; _dynamic_attributes=\u00a0\u00bbbutton_url\u00a0\u00bb _module_preset=\u00a0\u00bbdefault\u00a0\u00bb custom_button=\u00a0\u00bbon\u00a0\u00bb button_text_size=\u00a0\u00bb16px\u00a0\u00bb button_text_color=\u00a0\u00bb#FFFFFF\u00a0\u00bb button_bg_color=\u00a0\u00bb#0C71C3&Prime; button_border_width=\u00a0\u00bb3px\u00a0\u00bb button_icon=\u00a0\u00bb&#x39;||divi||400&Prime; global_colors_info=\u00a0\u00bb{}\u00a0\u00bb][\/et_pb_button][et_pb_button button_url=\u00a0\u00bb@ET-DC@eyJkeW5hbWljIjp0cnVlLCJjb250ZW50IjoicG9zdF9saW5rX3VybF9wYWdlIiwic2V0dGluZ3MiOnsicG9zdF9pZCI6IjI5In19@\u00a0\u00bb button_text=\u00a0\u00bbPr\u00e9sentation du club\u00a0\u00bb button_alignment=\u00a0\u00bbcenter\u00a0\u00bb _builder_version=\u00a0\u00bb4.27.4&Prime; _dynamic_attributes=\u00a0\u00bbbutton_url\u00a0\u00bb _module_preset=\u00a0\u00bbdefault\u00a0\u00bb custom_button=\u00a0\u00bbon\u00a0\u00bb button_text_size=\u00a0\u00bb16px\u00a0\u00bb button_text_color=\u00a0\u00bb#FFFFFF\u00a0\u00bb button_bg_color=\u00a0\u00bb#0C71C3&Prime; button_border_width=\u00a0\u00bb3px\u00a0\u00bb button_icon=\u00a0\u00bb&#x39;||divi||400&Prime; global_colors_info=\u00a0\u00bb{}\u00a0\u00bb][\/et_pb_button][\/et_pb_column_inner][\/et_pb_row_inner][et_pb_row_inner _builder_version=\u00a0\u00bb4.23.1&Prime; _module_preset=\u00a0\u00bbdefault\u00a0\u00bb global_colors_info=\u00a0\u00bb{}\u00a0\u00bb][et_pb_column_inner saved_specialty_column_type=\u00a0\u00bb3_4&Prime; _builder_version=\u00a0\u00bb4.23.1&Prime; _module_preset=\u00a0\u00bbdefault\u00a0\u00bb global_colors_info=\u00a0\u00bb{}\u00a0\u00bb][et_pb_video src=\u00a0\u00bbhttps:\/\/astira.org\/wp-content\/uploads\/2023\/11\/Astira1280.mp4&Prime; _builder_version=\u00a0\u00bb4.23.1&Prime; _module_preset=\u00a0\u00bbdefault\u00a0\u00bb animation_style=\u00a0\u00bbfade\u00a0\u00bb box_shadow_style=\u00a0\u00bbpreset2&Prime; box_shadow_color=\u00a0\u00bb#00160f\u00a0\u00bb global_colors_info=\u00a0\u00bb{}\u00a0\u00bb][\/et_pb_video][\/et_pb_column_inner][\/et_pb_row_inner][et_pb_row_inner _builder_version=\u00a0\u00bb4.23.1&Prime; _module_preset=\u00a0\u00bbdefault\u00a0\u00bb background_enable_color=\u00a0\u00bboff\u00a0\u00bb background_image=\u00a0\u00bbhttps:\/\/astira.org\/wp-content\/uploads\/2023\/12\/Fond_petites_annoces_sepia.jpg\u00a0\u00bb custom_padding=\u00a0\u00bb11px||12px|||\u00a0\u00bb box_shadow_style=\u00a0\u00bbpreset2&Prime; box_shadow_color=\u00a0\u00bb#00160f\u00a0\u00bb global_colors_info=\u00a0\u00bb{}\u00a0\u00bb][et_pb_column_inner saved_specialty_column_type=\u00a0\u00bb3_4&Prime; _builder_version=\u00a0\u00bb4.23.1&Prime; _module_preset=\u00a0\u00bbdefault\u00a0\u00bb global_colors_info=\u00a0\u00bb{}\u00a0\u00bb][et_pb_text _builder_version=\u00a0\u00bb4.23.1&Prime; _module_preset=\u00a0\u00bbdefault\u00a0\u00bb text_font=\u00a0\u00bbLibre Franklin||||||||\u00a0\u00bb global_colors_info=\u00a0\u00bb{}\u00a0\u00bb]<\/p>\n<h2 style=\"text-align: center;\">Annonces<\/h2>\n<p>[\/et_pb_text][et_pb_text _builder_version=\u00a0\u00bb4.23.1&Prime; _module_preset=\u00a0\u00bbdefault\u00a0\u00bb background_color=\u00a0\u00bbRGBA(255,255,255,0)\u00a0\u00bb custom_margin=\u00a0\u00bb-16px||4px||false|false\u00a0\u00bb custom_padding=\u00a0\u00bb|||16px|false|false\u00a0\u00bb border_radii=\u00a0\u00bboff||||\u00a0\u00bb border_color_all=\u00a0\u00bb#000000&Prime; global_colors_info=\u00a0\u00bb{}\u00a0\u00bb]<\/p>\n<p style=\"text-align: center;\">Pour ajouter\u00a0 ou supprimer votre annonce, consultez la page des renseignements pratiques.<\/p>\n<p>[\/et_pb_text][et_pb_slider arrows_custom_color=\u00a0\u00bb#E02B20&Prime; dot_nav_custom_color=\u00a0\u00bb#E02B20&Prime; _builder_version=\u00a0\u00bb4.26.0&Prime; _module_preset=\u00a0\u00bbdefault\u00a0\u00bb header_level=\u00a0\u00bbh6&Prime; header_font=\u00a0\u00bb||||||||\u00a0\u00bb header_text_align=\u00a0\u00bbleft\u00a0\u00bb header_text_color=\u00a0\u00bb#000000&Prime; header_font_size=\u00a0\u00bb21px\u00a0\u00bb body_text_color=\u00a0\u00bb#000000&Prime; body_font_size=\u00a0\u00bb17px\u00a0\u00bb background_color=\u00a0\u00bbRGBA(255,255,255,0)\u00a0\u00bb custom_button=\u00a0\u00bbon\u00a0\u00bb button_text_size=\u00a0\u00bb16px\u00a0\u00bb button_text_color=\u00a0\u00bb#FFFFFF\u00a0\u00bb button_bg_color=\u00a0\u00bb#0c71c3&Prime; button_icon=\u00a0\u00bb&#x39;||divi||400&Prime; content_max_width=\u00a0\u00bb62%\u00a0\u00bb custom_padding=\u00a0\u00bb26px|||||\u00a0\u00bb auto=\u00a0\u00bbon\u00a0\u00bb auto_speed=\u00a0\u00bb5000&Prime; global_colors_info=\u00a0\u00bb{}\u00a0\u00bb][\/et_pb_slider][\/et_pb_column_inner][\/et_pb_row_inner][\/et_pb_column][et_pb_column type=\u00a0\u00bb1_4&Prime; _builder_version=\u00a0\u00bb4.16&Prime; custom_padding=\u00a0\u00bb|||\u00a0\u00bb global_colors_info=\u00a0\u00bb{}\u00a0\u00bb custom_padding__hover=\u00a0\u00bb|||\u00a0\u00bb][et_pb_sidebar orientation=\u00a0\u00bbright\u00a0\u00bb _builder_version=\u00a0\u00bb4.23.1&Prime; _module_preset=\u00a0\u00bbdefault\u00a0\u00bb header_font=\u00a0\u00bbLibre Franklin||||||||\u00a0\u00bb header_text_color=\u00a0\u00bb#E02B20&Prime; body_text_color=\u00a0\u00bb#000000&Prime; body_font_size=\u00a0\u00bb16px\u00a0\u00bb body_line_height=\u00a0\u00bb1em\u00a0\u00bb background_color=\u00a0\u00bb#FFFFFF\u00a0\u00bb use_background_color_gradient=\u00a0\u00bbon\u00a0\u00bb background_color_gradient_stops=\u00a0\u00bb#eaf9f9 0%|rgba(0,0,0,0.39) 100%\u00a0\u00bb custom_padding=\u00a0\u00bb9px|7px||7px|false|false\u00a0\u00bb box_shadow_style=\u00a0\u00bbpreset2&Prime; box_shadow_color=\u00a0\u00bb#00160f\u00a0\u00bb global_colors_info=\u00a0\u00bb{}\u00a0\u00bb][\/et_pb_sidebar][\/et_pb_column][\/et_pb_section]<\/p>\n","protected":false},"excerpt":{"rendered":"<p>Venez am\u00e9liorer votre concentration, votre pr\u00e9cision, votre confiance en vous, diminuer votre stress en pratiquant le tir sportif. Adh\u00e9rez \u00e0 ASTIRA !<\/p>\n","protected":false},"author":2,"featured_media":11,"parent":0,"menu_order":0,"comment_status":"closed","ping_status":"closed","template":"","meta":{"_et_pb_use_builder":"on","_et_pb_old_content":"","_et_gb_content_width":"","footnotes":""},"class_list":["post-16","page","type-page","status-publish","has-post-thumbnail","hentry"],"_links":{"self":[{"href":"https:\/\/astira.org\/index.php\/wp-json\/wp\/v2\/pages\/16","targetHints":{"allow":["GET"]}}],"collection":[{"href":"https:\/\/astira.org\/index.php\/wp-json\/wp\/v2\/pages"}],"about":[{"href":"https:\/\/astira.org\/index.php\/wp-json\/wp\/v2\/types\/page"}],"author":[{"embeddable":true,"href":"https:\/\/astira.org\/index.php\/wp-json\/wp\/v2\/users\/2"}],"replies":[{"embeddable":true,"href":"https:\/\/astira.org\/index.php\/wp-json\/wp\/v2\/comments?post=16"}],"version-history":[{"count":105,"href":"https:\/\/astira.org\/index.php\/wp-json\/wp\/v2\/pages\/16\/revisions"}],"predecessor-version":[{"id":1356,"href":"https:\/\/astira.org\/index.php\/wp-json\/wp\/v2\/pages\/16\/revisions\/1356"}],"wp:featuredmedia":[{"embeddable":true,"href":"https:\/\/astira.org\/index.php\/wp-json\/wp\/v2\/media\/11"}],"wp:attachment":[{"href":"https:\/\/astira.org\/index.php\/wp-json\/wp\/v2\/media?parent=16"}],"curies":[{"name":"wp","href":"https:\/\/api.w.org\/{rel}","templated":true}]}}