{"id":39,"date":"2023-11-22T20:38:15","date_gmt":"2023-11-22T19:38:15","guid":{"rendered":"https:\/\/astira.org\/?page_id=39"},"modified":"2025-02-26T18:48:45","modified_gmt":"2025-02-26T17:48:45","slug":"contacts","status":"publish","type":"page","link":"https:\/\/astira.org\/index.php\/contacts\/","title":{"rendered":"Liens et contacts"},"content":{"rendered":"<p>[et_pb_section fb_built=\u00a0\u00bb1&Prime; fullwidth=\u00a0\u00bbon\u00a0\u00bb _builder_version=\u00a0\u00bb4.23.1&Prime; _module_preset=\u00a0\u00bbdefault\u00a0\u00bb global_colors_info=\u00a0\u00bb{}\u00a0\u00bb][et_pb_fullwidth_header title=\u00a0\u00bbLiens et contacts\u00a0\u00bb text_orientation=\u00a0\u00bbcenter\u00a0\u00bb background_overlay_color=\u00a0\u00bbrgba(94,125,135,0.81)\u00a0\u00bb _builder_version=\u00a0\u00bb4.23.1&Prime; _module_preset=\u00a0\u00bbdefault\u00a0\u00bb title_font=\u00a0\u00bb|700|||||||\u00a0\u00bb background_image=\u00a0\u00bbhttps:\/\/astira.org\/wp-content\/uploads\/2023\/11\/Fond_Entete_Sub1.jpg\u00a0\u00bb background_position=\u00a0\u00bbtop_right\u00a0\u00bb background_vertical_offset=\u00a0\u00bb9%\u00a0\u00bb title_text_shadow_style=\u00a0\u00bbpreset1&Prime; title_text_shadow_color=\u00a0\u00bb#E02B20&Prime; global_colors_info=\u00a0\u00bb{}\u00a0\u00bb]<\/p>\n<p>Sur cette page vous trouverez un formulaire de contact et des liens utiles<\/p>\n<p>[\/et_pb_fullwidth_header][\/et_pb_section][et_pb_section fb_built=\u00a0\u00bb1&Prime; _builder_version=\u00a0\u00bb4.23.1&Prime; _module_preset=\u00a0\u00bbdefault\u00a0\u00bb background_color=\u00a0\u00bbRGBA(255,255,255,0)\u00a0\u00bb global_colors_info=\u00a0\u00bb{}\u00a0\u00bb][et_pb_row column_structure=\u00a0\u00bb1_3,1_3,1_3&Prime; _builder_version=\u00a0\u00bb4.23.1&Prime; _module_preset=\u00a0\u00bbdefault\u00a0\u00bb background_color=\u00a0\u00bb#FFFFFF\u00a0\u00bb background_image=\u00a0\u00bbhttps:\/\/astira.org\/wp-content\/uploads\/2023\/11\/FondGrisBDD2Rouge2.png\u00a0\u00bb background_size=\u00a0\u00bbinitial\u00a0\u00bb background_repeat=\u00a0\u00bbround\u00a0\u00bb box_shadow_style=\u00a0\u00bbpreset2&Prime; box_shadow_color=\u00a0\u00bb#00160f\u00a0\u00bb global_colors_info=\u00a0\u00bb{}\u00a0\u00bb][et_pb_column type=\u00a0\u00bb1_3&Prime; _builder_version=\u00a0\u00bb4.23.1&Prime; _module_preset=\u00a0\u00bbdefault\u00a0\u00bb global_colors_info=\u00a0\u00bb{}\u00a0\u00bb][et_pb_icon font_icon=\u00a0\u00bb&#xf0c1;||fa||900&Prime; icon_width=\u00a0\u00bb40px\u00a0\u00bb _builder_version=\u00a0\u00bb4.23.1&Prime; _module_preset=\u00a0\u00bbdefault\u00a0\u00bb global_colors_info=\u00a0\u00bb{}\u00a0\u00bb][\/et_pb_icon][et_pb_text _builder_version=\u00a0\u00bb4.27.4&Prime; _module_preset=\u00a0\u00bbdefault\u00a0\u00bb hover_enabled=\u00a0\u00bb0&Prime; global_colors_info=\u00a0\u00bb{}\u00a0\u00bb sticky_enabled=\u00a0\u00bb0&Prime;]<\/p>\n<p style=\"text-align: center;\"><img loading=\"lazy\" decoding=\"async\" src=\"https:\/\/astira.org\/wp-content\/uploads\/2023\/11\/coq-FFTIR-2022.png\" width=\"51\" height=\"53\" alt=\"\" class=\"wp-image-235 aligncenter size-full\" srcset=\"https:\/\/astira.org\/wp-content\/uploads\/2023\/11\/coq-FFTIR-2022.png 480w, https:\/\/astira.org\/wp-content\/uploads\/2023\/11\/coq-FFTIR-2022-289x300.png 289w\" sizes=\"(max-width: 51px) 100vw, 51px\" \/><a href=\"https:\/\/eden.fftir.org\/#\/login\" target=\"_blank\" rel=\"noopener\">EDEN<\/a><br \/>Espace d\u00e9mat\u00e9rialis\u00e9<br \/>d&rsquo;enregistrement national<\/p>\n<p>[\/et_pb_text][et_pb_text _builder_version=\u00a0\u00bb4.23.1&Prime; _module_preset=\u00a0\u00bbdefault\u00a0\u00bb global_colors_info=\u00a0\u00bb{}\u00a0\u00bb]<\/p>\n<p><img loading=\"lazy\" decoding=\"async\" src=\"https:\/\/astira.org\/wp-content\/uploads\/2023\/11\/ISSF.jpg\" width=\"72\" height=\"72\" alt=\"\" class=\"wp-image-238 alignnone size-full\" style=\"display: block; margin-left: auto; margin-right: auto;\" srcset=\"https:\/\/astira.org\/wp-content\/uploads\/2023\/11\/ISSF.jpg 225w, https:\/\/astira.org\/wp-content\/uploads\/2023\/11\/ISSF-150x150.jpg 150w\" sizes=\"(max-width: 72px) 100vw, 72px\" \/><\/p>\n<p style=\"text-align: center;\"><a href=\"https:\/\/www.issf-sports.org\/\" target=\"_blank\" rel=\"noopener\">International shooting sport federation<\/a><br \/>(ISSF)<span>ISSF Headquarters<\/span><br \/><span>Widenmayerstrasse 16 <\/span><span>80538\u00a0Munich, Germany<\/span><br \/><span>Phone: +49 89 544 355 0<\/span><br \/><span>Fax: +49 89 544 355 44<\/span><br \/><span>Email:\u00a0<\/span><a href=\"mailto:munich@issf-sports.org\">munich@issf-sports.org<\/a><\/p>\n<p>[\/et_pb_text][et_pb_text _builder_version=\u00a0\u00bb4.23.1&Prime; _module_preset=\u00a0\u00bbdefault\u00a0\u00bb global_colors_info=\u00a0\u00bb{}\u00a0\u00bb]<\/p>\n<p><img loading=\"lazy\" decoding=\"async\" src=\"https:\/\/astira.org\/wp-content\/uploads\/2023\/11\/LOGO_CNTS_quadri-300x166-1.png\" width=\"110\" height=\"61\" alt=\"Centre national de tir sportif\" class=\"wp-image-499 aligncenter size-full\" \/><\/p>\n<p style=\"text-align: center;\"><a href=\"cnts.fftir.org\" target=\"_blank\" rel=\"noopener\" title=\"Centre national de tir sportif\">Centre national de tir sportif<\/a><br \/><span>Route de Ligni\u00e8res, D925 \u2013 36130 D\u00c9OLS<\/span><\/p>\n<p>[\/et_pb_text][\/et_pb_column][et_pb_column type=\u00a0\u00bb1_3&Prime; _builder_version=\u00a0\u00bb4.23.1&Prime; _module_preset=\u00a0\u00bbdefault\u00a0\u00bb global_colors_info=\u00a0\u00bb{}\u00a0\u00bb][et_pb_text _builder_version=\u00a0\u00bb4.23.1&Prime; _module_preset=\u00a0\u00bbdefault\u00a0\u00bb text_font=\u00a0\u00bbLibre Franklin||||||||\u00a0\u00bb global_colors_info=\u00a0\u00bb{}\u00a0\u00bb]<\/p>\n<h2 style=\"text-align: center;\">Liens<\/h2>\n<p>[\/et_pb_text][et_pb_text _builder_version=\u00a0\u00bb4.23.1&Prime; _module_preset=\u00a0\u00bbdefault\u00a0\u00bb global_colors_info=\u00a0\u00bb{}\u00a0\u00bb]<\/p>\n<p style=\"text-align: center;\"><a href=\"https:\/\/www.tirlim.fr\/\" target=\"_blank\" rel=\"noopener\"><img loading=\"lazy\" decoding=\"async\" src=\"https:\/\/astira.org\/wp-content\/uploads\/2023\/11\/Logo-ligue.png\" width=\"59\" height=\"60\" alt=\"\" class=\"wp-image-243 alignnone size-full\" srcset=\"https:\/\/astira.org\/wp-content\/uploads\/2023\/11\/Logo-ligue.png 293w, https:\/\/astira.org\/wp-content\/uploads\/2023\/11\/Logo-ligue-150x150.png 150w\" sizes=\"(max-width: 59px) 100vw, 59px\" \/><\/a><\/p>\n<p style=\"text-align: center;\"><a href=\"https:\/\/www.tirlim.fr\/\" target=\"_blank\" rel=\"noopener\">Ligue de tir du Limousin<\/a><\/p>\n<p>[\/et_pb_text][et_pb_text _builder_version=\u00a0\u00bb4.27.4&Prime; _module_preset=\u00a0\u00bbdefault\u00a0\u00bb hover_enabled=\u00a0\u00bb0&Prime; global_colors_info=\u00a0\u00bb{}\u00a0\u00bb sticky_enabled=\u00a0\u00bb0&Prime;]<\/p>\n<p><a href=\"https:\/\/www.comdeptir87.com\/\" target=\"_blank\" rel=\"noopener\"><img loading=\"lazy\" decoding=\"async\" src=\"https:\/\/astira.org\/wp-content\/uploads\/2023\/11\/CD-Tir-HV.png\" width=\"51\" height=\"52\" alt=\"\" class=\"wp-image-244 alignnone size-full\" style=\"display: block; margin-left: auto; margin-right: auto;\" srcset=\"https:\/\/astira.org\/wp-content\/uploads\/2023\/11\/CD-Tir-HV.png 223w, https:\/\/astira.org\/wp-content\/uploads\/2023\/11\/CD-Tir-HV-150x150.png 150w\" sizes=\"(max-width: 51px) 100vw, 51px\" \/><\/a><\/p>\n<p style=\"text-align: center;\"><a href=\"https:\/\/www.comdeptir87.com\/\" target=\"_blank\" rel=\"noopener\">Comit\u00e9 de tir sportif de la Haute-Vienne<\/a><br \/><span itemprop=\"streetAddress\">Lussac<\/span>\u00a0<span itemprop=\"postalCode\">16150<\/span>\u00a0<span itemprop=\"addressLocality\">ETAGNAC<br \/><\/span>T\u00e9l\u00e9phone 06.78.29.93.00<\/p>\n<p>[\/et_pb_text][et_pb_text _builder_version=\u00a0\u00bb4.27.4&Prime; _module_preset=\u00a0\u00bbdefault\u00a0\u00bb hover_enabled=\u00a0\u00bb0&Prime; global_colors_info=\u00a0\u00bb{}\u00a0\u00bb sticky_enabled=\u00a0\u00bb0&Prime;]<\/p>\n<p style=\"text-align: center;\"><img loading=\"lazy\" decoding=\"async\" src=\"https:\/\/astira.org\/wp-content\/uploads\/2023\/11\/ITAC-289x300.png\" width=\"43\" height=\"45\" alt=\"\" class=\"wp-image-405 aligncenter size-medium\" \/><a href=\"https:\/\/www.itac.pro\/\" title=\"ITAC\">ITAC<\/a><br \/>Gestion des licenci\u00e9s des clubs<\/p>\n<p>[\/et_pb_text][et_pb_text _builder_version=\u00a0\u00bb4.23.1&Prime; _module_preset=\u00a0\u00bbdefault\u00a0\u00bb global_colors_info=\u00a0\u00bb{}\u00a0\u00bb]<\/p>\n<p style=\"text-align: center;\"><img loading=\"lazy\" decoding=\"async\" src=\"https:\/\/astira.org\/wp-content\/uploads\/2023\/11\/Logo-SIA_.png\" width=\"95\" height=\"62\" alt=\"\" class=\"wp-image-501 aligncenter size-full\" srcset=\"https:\/\/astira.org\/wp-content\/uploads\/2023\/11\/Logo-SIA_.png 315w, https:\/\/astira.org\/wp-content\/uploads\/2023\/11\/Logo-SIA_-300x196.png 300w\" sizes=\"(max-width: 95px) 100vw, 95px\" \/><\/p>\n<p style=\"text-align: center;\"><a href=\"https:\/\/sia.detenteurs.interieur.gouv.fr\/\" title=\"SIA\">Espace D\u00e9tenteurs du syst\u00e8me d&rsquo;information sur les armes<\/a><\/p>\n<p style=\"text-align: center;\">[\/et_pb_text][\/et_pb_column][et_pb_column type=\u00a0\u00bb1_3&Prime; _builder_version=\u00a0\u00bb4.23.1&Prime; _module_preset=\u00a0\u00bbdefault\u00a0\u00bb global_colors_info=\u00a0\u00bb{}\u00a0\u00bb][et_pb_icon font_icon=\u00a0\u00bb&#xf0c1;||fa||900&Prime; icon_width=\u00a0\u00bb40px\u00a0\u00bb _builder_version=\u00a0\u00bb4.23.1&Prime; _module_preset=\u00a0\u00bbdefault\u00a0\u00bb global_colors_info=\u00a0\u00bb{}\u00a0\u00bb][\/et_pb_icon][et_pb_text _builder_version=\u00a0\u00bb4.27.4&Prime; _module_preset=\u00a0\u00bbdefault\u00a0\u00bb hover_enabled=\u00a0\u00bb0&Prime; global_colors_info=\u00a0\u00bb{}\u00a0\u00bb sticky_enabled=\u00a0\u00bb0&Prime;]<\/p>\n<p><img loading=\"lazy\" decoding=\"async\" src=\"https:\/\/astira.org\/wp-content\/uploads\/2023\/11\/logo-fftir-300x148.png\" width=\"113\" height=\"56\" alt=\"\" class=\"wp-image-236 alignnone size-medium\" style=\"display: block; margin-left: auto; margin-right: auto;\" \/><\/p>\n<p style=\"text-align: center;\"><a href=\"https:\/\/www.fftir.org\/\" target=\"_blank\" rel=\"noopener\">F\u00e9d\u00e9ration fran\u00e7caise de tir<\/a><br \/>38, rue Brunel 75017 Paris<br \/>Mail :<span>\u00a0<\/span><a href=\"mailto:contacts@fftir.org\">contacts@fftir.org<\/a><br \/>Mail :\u00a0<a href=\"mailto:webmaster@fftir.org\">webmaster@fftir.org<\/a><br \/>T\u00e9l. :\u00a0+33 (0)1 58 05 45 45<br \/>Fax :\u00a0+33 (0)1 55 37 99 93<\/p>\n<p>[\/et_pb_text][et_pb_text _builder_version=\u00a0\u00bb4.23.1&Prime; _module_preset=\u00a0\u00bbdefault\u00a0\u00bb global_colors_info=\u00a0\u00bb{}\u00a0\u00bb]<\/p>\n<p><a href=\"https:\/\/www.comdeptir87.com\/\" target=\"_blank\" rel=\"noopener\"><\/a><img loading=\"lazy\" decoding=\"async\" src=\"https:\/\/astira.org\/wp-content\/uploads\/2023\/11\/logo-sy-site-2.jpg\" width=\"90\" height=\"76\" alt=\"\" class=\"wp-image-468 aligncenter size-full\" srcset=\"https:\/\/astira.org\/wp-content\/uploads\/2023\/11\/logo-sy-site-2.jpg 320w, https:\/\/astira.org\/wp-content\/uploads\/2023\/11\/logo-sy-site-2-300x251.jpg 300w\" sizes=\"(max-width: 90px) 100vw, 90px\" \/><\/p>\n<p style=\"text-align: center;\"><a href=\"https:\/\/saint-yrieix.fr\/\" target=\"_blank\" rel=\"noopener\" title=\"Saint-Yrieix-La-Perche\">Ville de Saint-Yrieix-La-Perche<\/a><br \/><span>MAIRIE DE ST-YRIEIX<\/span><br \/><span>45, bd de l&rsquo;H\u00f4tel de Ville<\/span><br \/><span>87500 Saint-Yrieix<\/span><br \/><span>Tel 05 55 08 88 88<\/span><\/p>\n<p>[\/et_pb_text][et_pb_text _builder_version=\u00a0\u00bb4.27.4&Prime; _module_preset=\u00a0\u00bbdefault\u00a0\u00bb hover_enabled=\u00a0\u00bb0&Prime; sticky_enabled=\u00a0\u00bb0&Prime;]<\/p>\n<p><img loading=\"lazy\" decoding=\"async\" src=\"https:\/\/astira.org\/wp-content\/uploads\/2025\/02\/UFA.png\" width=\"63\" height=\"40\" alt=\"Logo UFA\" class=\"wp-image-1222 aligncenter size-full\" style=\"display: block; margin-left: auto; margin-right: auto;\" srcset=\"https:\/\/astira.org\/wp-content\/uploads\/2025\/02\/UFA.png 154w, https:\/\/astira.org\/wp-content\/uploads\/2025\/02\/UFA-150x98.png 150w\" sizes=\"(max-width: 63px) 100vw, 63px\" \/><\/p>\n<p style=\"text-align: center;\"><a href=\"https:\/\/www.armes-ufa.com\/\" target=\"_blank\" rel=\"noopener\" title=\"Union fran\u00e7aise des amateurs d'armes\">Union fran\u00e7aise des amateurs d&rsquo;armes<\/a><\/p>\n<p>[\/et_pb_text][\/et_pb_column][\/et_pb_row][et_pb_row _builder_version=\u00a0\u00bb4.23.1&Prime; _module_preset=\u00a0\u00bbdefault\u00a0\u00bb background_color=\u00a0\u00bb#FFFFFF\u00a0\u00bb background_image=\u00a0\u00bbhttps:\/\/astira.org\/wp-content\/uploads\/2023\/11\/FondGrisBDD2Rouge2.png\u00a0\u00bb background_size=\u00a0\u00bbinitial\u00a0\u00bb background_repeat=\u00a0\u00bbround\u00a0\u00bb min_height=\u00a0\u00bb362.4px\u00a0\u00bb custom_margin=\u00a0\u00bb40px|auto||auto||\u00a0\u00bb custom_padding=\u00a0\u00bb|4px||4px|false|false\u00a0\u00bb box_shadow_style=\u00a0\u00bbpreset2&Prime; box_shadow_color=\u00a0\u00bb#00160f\u00a0\u00bb global_colors_info=\u00a0\u00bb{}\u00a0\u00bb][et_pb_column type=\u00a0\u00bb4_4&Prime; _builder_version=\u00a0\u00bb4.23.1&Prime; _module_preset=\u00a0\u00bbdefault\u00a0\u00bb global_colors_info=\u00a0\u00bb{}\u00a0\u00bb][et_pb_contact_form email=\u00a0\u00bbastira87@gmail.com\u00a0\u00bb title=\u00a0\u00bbNous contacter\u00a0\u00bb success_message=\u00a0\u00bbLe message a bien \u00e9t\u00e9 envoy\u00e9 !\u00a0\u00bb submit_button_text=\u00a0\u00bbEnvoyer\u00a0\u00bb _builder_version=\u00a0\u00bb4.23.1&Prime; _module_preset=\u00a0\u00bbdefault\u00a0\u00bb _unique_id=\u00a0\u00bb8011c665-6645-4f5d-9955-984effdf978e\u00a0\u00bb form_field_background_color=\u00a0\u00bb#FFFFFF\u00a0\u00bb form_field_text_color=\u00a0\u00bb#000000&Prime; title_level=\u00a0\u00bbh2&Prime; title_font=\u00a0\u00bbLibre Franklin||||||||\u00a0\u00bb title_text_align=\u00a0\u00bbcenter\u00a0\u00bb form_field_font=\u00a0\u00bb||on||||||\u00a0\u00bb form_field_font_size=\u00a0\u00bb17px\u00a0\u00bb custom_button=\u00a0\u00bbon\u00a0\u00bb button_text_size=\u00a0\u00bb16px\u00a0\u00bb button_text_color=\u00a0\u00bb#FFFFFF\u00a0\u00bb button_bg_color=\u00a0\u00bb#0c71c3&Prime; button_border_width=\u00a0\u00bb3px\u00a0\u00bb button_use_icon=\u00a0\u00bboff\u00a0\u00bb global_colors_info=\u00a0\u00bb{}\u00a0\u00bb][et_pb_contact_field field_id=\u00a0\u00bbName\u00a0\u00bb field_title=\u00a0\u00bbTapez votre nom (champ obligatoire)\u00a0\u00bb _builder_version=\u00a0\u00bb4.23.1&Prime; global_colors_info=\u00a0\u00bb{}\u00a0\u00bb button_text_size__hover_enabled=\u00a0\u00bboff\u00a0\u00bb button_one_text_size__hover_enabled=\u00a0\u00bboff\u00a0\u00bb button_two_text_size__hover_enabled=\u00a0\u00bboff\u00a0\u00bb button_text_color__hover_enabled=\u00a0\u00bboff\u00a0\u00bb button_one_text_color__hover_enabled=\u00a0\u00bboff\u00a0\u00bb button_two_text_color__hover_enabled=\u00a0\u00bboff\u00a0\u00bb button_border_width__hover_enabled=\u00a0\u00bboff\u00a0\u00bb button_one_border_width__hover_enabled=\u00a0\u00bboff\u00a0\u00bb button_two_border_width__hover_enabled=\u00a0\u00bboff\u00a0\u00bb button_border_color__hover_enabled=\u00a0\u00bboff\u00a0\u00bb button_one_border_color__hover_enabled=\u00a0\u00bboff\u00a0\u00bb button_two_border_color__hover_enabled=\u00a0\u00bboff\u00a0\u00bb button_border_radius__hover_enabled=\u00a0\u00bboff\u00a0\u00bb button_one_border_radius__hover_enabled=\u00a0\u00bboff\u00a0\u00bb button_two_border_radius__hover_enabled=\u00a0\u00bboff\u00a0\u00bb button_letter_spacing__hover_enabled=\u00a0\u00bboff\u00a0\u00bb button_one_letter_spacing__hover_enabled=\u00a0\u00bboff\u00a0\u00bb button_two_letter_spacing__hover_enabled=\u00a0\u00bboff\u00a0\u00bb button_bg_color__hover_enabled=\u00a0\u00bboff\u00a0\u00bb button_one_bg_color__hover_enabled=\u00a0\u00bboff\u00a0\u00bb button_two_bg_color__hover_enabled=\u00a0\u00bboff\u00a0\u00bb][\/et_pb_contact_field][et_pb_contact_field field_id=\u00a0\u00bbEmail\u00a0\u00bb field_title=\u00a0\u00bbQuel est votre courriel (champ obligatoire)\u00a0\u00bb field_type=\u00a0\u00bbemail\u00a0\u00bb _builder_version=\u00a0\u00bb4.23.1&Prime; global_colors_info=\u00a0\u00bb{}\u00a0\u00bb button_text_size__hover_enabled=\u00a0\u00bboff\u00a0\u00bb button_one_text_size__hover_enabled=\u00a0\u00bboff\u00a0\u00bb button_two_text_size__hover_enabled=\u00a0\u00bboff\u00a0\u00bb button_text_color__hover_enabled=\u00a0\u00bboff\u00a0\u00bb button_one_text_color__hover_enabled=\u00a0\u00bboff\u00a0\u00bb button_two_text_color__hover_enabled=\u00a0\u00bboff\u00a0\u00bb button_border_width__hover_enabled=\u00a0\u00bboff\u00a0\u00bb button_one_border_width__hover_enabled=\u00a0\u00bboff\u00a0\u00bb button_two_border_width__hover_enabled=\u00a0\u00bboff\u00a0\u00bb button_border_color__hover_enabled=\u00a0\u00bboff\u00a0\u00bb button_one_border_color__hover_enabled=\u00a0\u00bboff\u00a0\u00bb button_two_border_color__hover_enabled=\u00a0\u00bboff\u00a0\u00bb button_border_radius__hover_enabled=\u00a0\u00bboff\u00a0\u00bb button_one_border_radius__hover_enabled=\u00a0\u00bboff\u00a0\u00bb button_two_border_radius__hover_enabled=\u00a0\u00bboff\u00a0\u00bb button_letter_spacing__hover_enabled=\u00a0\u00bboff\u00a0\u00bb button_one_letter_spacing__hover_enabled=\u00a0\u00bboff\u00a0\u00bb button_two_letter_spacing__hover_enabled=\u00a0\u00bboff\u00a0\u00bb button_bg_color__hover_enabled=\u00a0\u00bboff\u00a0\u00bb button_one_bg_color__hover_enabled=\u00a0\u00bboff\u00a0\u00bb button_two_bg_color__hover_enabled=\u00a0\u00bboff\u00a0\u00bb][\/et_pb_contact_field][et_pb_contact_field field_id=\u00a0\u00bbMessage\u00a0\u00bb field_title=\u00a0\u00bbTapez votre message (champ obligatoire)\u00a0\u00bb field_type=\u00a0\u00bbtext\u00a0\u00bb fullwidth_field=\u00a0\u00bbon\u00a0\u00bb _builder_version=\u00a0\u00bb4.23.1&Prime; global_colors_info=\u00a0\u00bb{}\u00a0\u00bb button_text_size__hover_enabled=\u00a0\u00bboff\u00a0\u00bb button_one_text_size__hover_enabled=\u00a0\u00bboff\u00a0\u00bb button_two_text_size__hover_enabled=\u00a0\u00bboff\u00a0\u00bb button_text_color__hover_enabled=\u00a0\u00bboff\u00a0\u00bb button_one_text_color__hover_enabled=\u00a0\u00bboff\u00a0\u00bb button_two_text_color__hover_enabled=\u00a0\u00bboff\u00a0\u00bb button_border_width__hover_enabled=\u00a0\u00bboff\u00a0\u00bb button_one_border_width__hover_enabled=\u00a0\u00bboff\u00a0\u00bb button_two_border_width__hover_enabled=\u00a0\u00bboff\u00a0\u00bb button_border_color__hover_enabled=\u00a0\u00bboff\u00a0\u00bb button_one_border_color__hover_enabled=\u00a0\u00bboff\u00a0\u00bb button_two_border_color__hover_enabled=\u00a0\u00bboff\u00a0\u00bb button_border_radius__hover_enabled=\u00a0\u00bboff\u00a0\u00bb button_one_border_radius__hover_enabled=\u00a0\u00bboff\u00a0\u00bb button_two_border_radius__hover_enabled=\u00a0\u00bboff\u00a0\u00bb button_letter_spacing__hover_enabled=\u00a0\u00bboff\u00a0\u00bb button_one_letter_spacing__hover_enabled=\u00a0\u00bboff\u00a0\u00bb button_two_letter_spacing__hover_enabled=\u00a0\u00bboff\u00a0\u00bb button_bg_color__hover_enabled=\u00a0\u00bboff\u00a0\u00bb button_one_bg_color__hover_enabled=\u00a0\u00bboff\u00a0\u00bb button_two_bg_color__hover_enabled=\u00a0\u00bboff\u00a0\u00bb][\/et_pb_contact_field][\/et_pb_contact_form][et_pb_image src=\u00a0\u00bbhttps:\/\/astira.org\/wp-content\/uploads\/2023\/11\/Courriel250x250.png\u00a0\u00bb title_text=\u00a0\u00bbCourriel250x250&Prime; align=\u00a0\u00bbcenter\u00a0\u00bb disabled_on=\u00a0\u00bbon|on|off\u00a0\u00bb _builder_version=\u00a0\u00bb4.23.1&Prime; _module_preset=\u00a0\u00bbdefault\u00a0\u00bb height=\u00a0\u00bb100px\u00a0\u00bb global_colors_info=\u00a0\u00bb{}\u00a0\u00bb][\/et_pb_image][\/et_pb_column][\/et_pb_row][\/et_pb_section]<\/p>\n","protected":false},"excerpt":{"rendered":"<p>Sur cette page vous trouverez un formulaire de contact et des liens utilesEDENEspace d\u00e9mat\u00e9rialis\u00e9d&rsquo;enregistrement national International shooting sport federation(ISSF)ISSF HeadquartersWidenmayerstrasse 16 80538\u00a0Munich, GermanyPhone: +49 89 544 355 0Fax: +49 89 544 355 44Email:\u00a0munich@issf-sports.org Centre national de tir sportifRoute de Ligni\u00e8res, D925 \u2013 36130 D\u00c9OLSLiens Ligue de tir du Limousin Comit\u00e9 de tir sportif de la [&hellip;]<\/p>\n","protected":false},"author":2,"featured_media":0,"parent":0,"menu_order":0,"comment_status":"closed","ping_status":"closed","template":"","meta":{"_et_pb_use_builder":"on","_et_pb_old_content":"","_et_gb_content_width":"","footnotes":""},"class_list":["post-39","page","type-page","status-publish","hentry"],"_links":{"self":[{"href":"https:\/\/astira.org\/index.php\/wp-json\/wp\/v2\/pages\/39","targetHints":{"allow":["GET"]}}],"collection":[{"href":"https:\/\/astira.org\/index.php\/wp-json\/wp\/v2\/pages"}],"about":[{"href":"https:\/\/astira.org\/index.php\/wp-json\/wp\/v2\/types\/page"}],"author":[{"embeddable":true,"href":"https:\/\/astira.org\/index.php\/wp-json\/wp\/v2\/users\/2"}],"replies":[{"embeddable":true,"href":"https:\/\/astira.org\/index.php\/wp-json\/wp\/v2\/comments?post=39"}],"version-history":[{"count":33,"href":"https:\/\/astira.org\/index.php\/wp-json\/wp\/v2\/pages\/39\/revisions"}],"predecessor-version":[{"id":1225,"href":"https:\/\/astira.org\/index.php\/wp-json\/wp\/v2\/pages\/39\/revisions\/1225"}],"wp:attachment":[{"href":"https:\/\/astira.org\/index.php\/wp-json\/wp\/v2\/media?parent=39"}],"curies":[{"name":"wp","href":"https:\/\/api.w.org\/{rel}","templated":true}]}}