{"id":974,"date":"2023-12-28T15:20:56","date_gmt":"2023-12-28T14:20:56","guid":{"rendered":"https:\/\/astira.org\/?page_id=974"},"modified":"2025-05-18T09:06:25","modified_gmt":"2025-05-18T07:06:25","slug":"boutique","status":"publish","type":"page","link":"https:\/\/astira.org\/index.php\/boutique\/","title":{"rendered":"Boutique"},"content":{"rendered":"<p>[et_pb_section fb_built=\u00a0\u00bb1&Prime; fullwidth=\u00a0\u00bbon\u00a0\u00bb _builder_version=\u00a0\u00bb4.23.1&Prime; _module_preset=\u00a0\u00bbdefault\u00a0\u00bb global_colors_info=\u00a0\u00bb{}\u00a0\u00bb][et_pb_fullwidth_header title=\u00a0\u00bbBoutique\u00a0\u00bb text_orientation=\u00a0\u00bbcenter\u00a0\u00bb background_overlay_color=\u00a0\u00bbrgba(94,125,135,0.81)\u00a0\u00bb _builder_version=\u00a0\u00bb4.23.3&Prime; _module_preset=\u00a0\u00bbdefault\u00a0\u00bb title_font=\u00a0\u00bb|700|||||||\u00a0\u00bb background_image=\u00a0\u00bbhttps:\/\/astira.org\/wp-content\/uploads\/2023\/11\/Fond_Entete_Sub1.jpg\u00a0\u00bb background_position=\u00a0\u00bbtop_right\u00a0\u00bb background_vertical_offset=\u00a0\u00bb9%\u00a0\u00bb title_text_shadow_style=\u00a0\u00bbpreset1&Prime; title_text_shadow_color=\u00a0\u00bb#E02B20&Prime; global_colors_info=\u00a0\u00bb{}\u00a0\u00bb]<\/p>\n<p>Vous trouverez dans cette page une s\u00e9lection d&rsquo;articles \u00e0 l&rsquo;effigie du club\u2026<\/p>\n<p>[\/et_pb_fullwidth_header][\/et_pb_section][et_pb_section fb_built=\u00a0\u00bb1&Prime; _builder_version=\u00a0\u00bb4.23.1&Prime; _module_preset=\u00a0\u00bbdefault\u00a0\u00bb background_color=\u00a0\u00bbRGBA(255,255,255,0)\u00a0\u00bb background_enable_mask_style=\u00a0\u00bbon\u00a0\u00bb global_colors_info=\u00a0\u00bb{}\u00a0\u00bb][et_pb_row _builder_version=\u00a0\u00bb4.23.3&Prime; _module_preset=\u00a0\u00bbdefault\u00a0\u00bb background_image=\u00a0\u00bbhttps:\/\/astira.org\/wp-content\/uploads\/2023\/11\/FondGrisBDD2Rouge2.png\u00a0\u00bb background_size=\u00a0\u00bbinitial\u00a0\u00bb background_repeat=\u00a0\u00bbrepeat\u00a0\u00bb custom_padding=\u00a0\u00bb|12px||12px|true|true\u00a0\u00bb box_shadow_style=\u00a0\u00bbpreset2&Prime; box_shadow_color=\u00a0\u00bb#00160f\u00a0\u00bb global_colors_info=\u00a0\u00bb{}\u00a0\u00bb][et_pb_column type=\u00a0\u00bb4_4&Prime; _builder_version=\u00a0\u00bb4.23.1&Prime; _module_preset=\u00a0\u00bbdefault\u00a0\u00bb global_colors_info=\u00a0\u00bb{}\u00a0\u00bb][et_pb_text _builder_version=\u00a0\u00bb4.23.3&Prime; _module_preset=\u00a0\u00bbdefault\u00a0\u00bb global_colors_info=\u00a0\u00bb{}\u00a0\u00bb]<\/p>\n<p>Les articles propos\u00e9s dans cette page sont \u00e0 r\u00e9gler et \u00e0 retirer au stand de tir.<\/p>\n<p>[\/et_pb_text][et_pb_tabs active_tab_background_color=\u00a0\u00bb#000000&Prime; active_tab_text_color=\u00a0\u00bb#FFFFFF\u00a0\u00bb _builder_version=\u00a0\u00bb4.23.3&Prime; _module_preset=\u00a0\u00bbdefault\u00a0\u00bb tab_font=\u00a0\u00bbLato|700|||||||\u00a0\u00bb tab_font_size=\u00a0\u00bb16px\u00a0\u00bb tab_letter_spacing=\u00a0\u00bb1px\u00a0\u00bb tab_line_height=\u00a0\u00bb1.3em\u00a0\u00bb background_color=\u00a0\u00bbrgba(255,255,255,0.9)\u00a0\u00bb border_color_all=\u00a0\u00bb#000000&Prime; global_colors_info=\u00a0\u00bb{}\u00a0\u00bb][et_pb_tab title=\u00a0\u00bbGadgets\u00a0\u00bb _builder_version=\u00a0\u00bb4.23.3&Prime; _module_preset=\u00a0\u00bbdefault\u00a0\u00bb global_colors_info=\u00a0\u00bb{}\u00a0\u00bb]<\/p>\n        <div class=\"shop-page-wp-grid\">\n\t\t\t            <a class=\"shop-page-wp-item spwp-one-third\">\n            <div class=\"shop-page-wp-image\">\n                <img decoding=\"async\" src=\"https:\/\/astira.org\/wp-content\/uploads\/2023\/12\/Stylo-300x300.png\" alt=\"\"\/>\n            <\/div>\n            <div class=\"shop-page-wp-title\">\n                <h3>Stylo<\/h3>\n            <\/div>\n\t\t\t\t\t\t                <div class=\"shop-page-wp-description\">\n\t\t\t\t\t\t\t\tStylo, marquage ASTIRA, diff\u00e9rentes couleurs. <p class=\"prix\">2,00 \u20ac TTC<\/p>                 <\/div>\n\t\t\t\t\t\t\t\t\t\t\t\t               <div class=\"shop-page-wp-link\">\n                <span class=\"buy-link disabled\">En stock<\/span>               <\/div>\n\t\t\t\t\t\t            <\/a>\t\t\t            <a class=\"shop-page-wp-item spwp-one-third\">\n            <div class=\"shop-page-wp-image\">\n                <img decoding=\"async\" src=\"https:\/\/astira.org\/wp-content\/uploads\/2023\/12\/Tour_De_Cou_800X800-298x300.png\" alt=\"\"\/>\n            <\/div>\n            <div class=\"shop-page-wp-title\">\n                <h3>Tour de cou<\/h3>\n            <\/div>\n\t\t\t\t\t\t                <div class=\"shop-page-wp-description\">\n\t\t\t\t\t\t\t\tTour de cou pour badge licence\r\n<p class=\"prix\">3,00 \u20ac TTC<\/p>                <\/div>\n\t\t\t\t\t\t\t\t\t\t\t\t               <div class=\"shop-page-wp-link\">\n                <span class=\"buy-link disabled\">En stock<\/span>               <\/div>\n\t\t\t\t\t\t            <\/a>\t\t\t            <a class=\"shop-page-wp-item spwp-one-third\">\n            <div class=\"shop-page-wp-image\">\n                <img decoding=\"async\" src=\"https:\/\/astira.org\/wp-content\/uploads\/2023\/12\/Autocollant-300x300.png\" alt=\"\"\/>\n            <\/div>\n            <div class=\"shop-page-wp-title\">\n                <h3>Autocollant<\/h3>\n            <\/div>\n\t\t\t\t\t\t                <div class=\"shop-page-wp-description\">\n\t\t\t\t\t\t\t\tAutocollant ASTIRA.<p class=\"prix\">1,00 \u20ac TTC<\/p>                <\/div>\n\t\t\t\t\t\t\t\t\t\t\t\t               <div class=\"shop-page-wp-link\">\n                <span class=\"buy-link disabled\">En stock<\/span>               <\/div>\n\t\t\t\t\t\t            <\/a>\t\t\t            <a class=\"shop-page-wp-item spwp-one-third\">\n            <div class=\"shop-page-wp-image\">\n                <img decoding=\"async\" src=\"https:\/\/astira.org\/wp-content\/uploads\/2023\/12\/Ecusson-300x300.png\" alt=\"\"\/>\n            <\/div>\n            <div class=\"shop-page-wp-title\">\n                <h3>Ecusson<\/h3>\n            <\/div>\n\t\t\t\t\t\t                <div class=\"shop-page-wp-description\">\n\t\t\t\t\t\t\t\tEcusson brod\u00e9. <p class=\"prix\">8,00 \u20ac TTC<\/p>                <\/div>\n\t\t\t\t\t\t\t\t\t\t\t\t               <div class=\"shop-page-wp-link\">\n                <span class=\"buy-link disabled\">En stock<\/span>               <\/div>\n\t\t\t\t\t\t            <\/a>\t\t\t            <a class=\"shop-page-wp-item spwp-one-third\">\n            <div class=\"shop-page-wp-image\">\n                <img decoding=\"async\" src=\"https:\/\/astira.org\/wp-content\/uploads\/2023\/11\/cropped-LogoASTIRA760x760.jpg\" alt=\"\"\/>\n            <\/div>\n            <div class=\"shop-page-wp-title\">\n                <h3>Nouvel insigne ASTIRA<\/h3>\n            <\/div>\n\t\t\t\t\t\t                <div class=\"shop-page-wp-description\">\n\t\t\t\t\t\t\t\tNouvel insigne ASTIRA en tissu, mont\u00e9 sur velcro. Diam\u00e8tre 10 cm.<p class=\"prix\">5,00 \u20ac TTC<\/p>                <\/div>\n\t\t\t\t\t\t\t\t\t\t\t\t               <div class=\"shop-page-wp-link\">\n                <span class=\"buy-link disabled\">En stock<\/span>               <\/div>\n\t\t\t\t\t\t            <\/a>\t\t\t        <\/div>\n\t\t\n<p>[\/et_pb_tab][et_pb_tab title=\u00a0\u00bbPorcelaine\u00a0\u00bb _builder_version=\u00a0\u00bb4.23.3&Prime; _module_preset=\u00a0\u00bbdefault\u00a0\u00bb global_colors_info=\u00a0\u00bb{}\u00a0\u00bb]<\/p>\n        <div class=\"shop-page-wp-grid\">\n\t\t\t            <a class=\"shop-page-wp-item spwp-one-third\">\n            <div class=\"shop-page-wp-image\">\n                <img decoding=\"async\" src=\"https:\/\/astira.org\/wp-content\/uploads\/2023\/12\/Mug-300x300.png\" alt=\"\"\/>\n            <\/div>\n            <div class=\"shop-page-wp-title\">\n                <h3>Mug<\/h3>\n            <\/div>\n\t\t\t\t\t\t                <div class=\"shop-page-wp-description\">\n\t\t\t\t\t\t\t\tMug logo ASTIRA en porcelaine, liser\u00e9 fait main !\r\n<p class=\"prix\">5,00 \u20ac TTC<\/p>                <\/div>\n\t\t\t\t\t\t\t\t\t\t\t\t               <div class=\"shop-page-wp-link\">\n                <span class=\"buy-link disabled\">En stock<\/span>               <\/div>\n\t\t\t\t\t\t            <\/a>\t\t\t            <a class=\"shop-page-wp-item spwp-one-third\">\n            <div class=\"shop-page-wp-image\">\n                <img decoding=\"async\" src=\"https:\/\/astira.org\/wp-content\/uploads\/2023\/12\/Assiette_plate_creuse-300x300.png\" alt=\"\"\/>\n            <\/div>\n            <div class=\"shop-page-wp-title\">\n                <h3>Assiette plate et creuse<\/h3>\n            <\/div>\n\t\t\t\t\t\t                <div class=\"shop-page-wp-description\">\n\t\t\t\t\t\t\t\tJeu de 2 assiettes en porcelaine blanche avec logo ASTIRA : une assiette plate et une assiette creuse.<p class=\"prix\">5,00 \u20ac TTC<\/p>                <\/div>\n\t\t\t\t\t\t\t\t\t\t\t\t               <div class=\"shop-page-wp-link\">\n                <span class=\"buy-link disabled\">En stock<\/span>               <\/div>\n\t\t\t\t\t\t            <\/a>\t\t\t            <a class=\"shop-page-wp-item spwp-one-third\">\n            <div class=\"shop-page-wp-image\">\n                <img decoding=\"async\" src=\"https:\/\/astira.org\/wp-content\/uploads\/2023\/12\/Tasse_Soucoupe-300x300.png\" alt=\"\"\/>\n            <\/div>\n            <div class=\"shop-page-wp-title\">\n                <h3>Tasse et soucoupe<\/h3>\n            <\/div>\n\t\t\t\t\t\t                <div class=\"shop-page-wp-description\">\n\t\t\t\t\t\t\t\tTasse et soucoupe en porcelaine blanche avec logo ASTIRA sur la tasse.<p class=\"prix\">3,00 \u20ac TTC<\/p>                <\/div>\n\t\t\t\t\t\t\t\t\t\t\t\t               <div class=\"shop-page-wp-link\">\n                <span class=\"buy-link disabled\">En stock<\/span>               <\/div>\n\t\t\t\t\t\t            <\/a>\t\t\t        <\/div>\n\t\t\n<p>[\/et_pb_tab][et_pb_tab title=\u00a0\u00bbV\u00eatements\u00a0\u00bb _builder_version=\u00a0\u00bb4.23.3&Prime; _module_preset=\u00a0\u00bbdefault\u00a0\u00bb hover_enabled=\u00a0\u00bb0&Prime; global_colors_info=\u00a0\u00bb{}\u00a0\u00bb sticky_enabled=\u00a0\u00bb0&Prime;]<\/p>\n        <div class=\"shop-page-wp-grid\">\n\t\t\t            <a target=\"_blank\" href=\"https:\/\/astira.org\/wp-content\/uploads\/2026\/03\/Polo-Bordeaux.png\" class=\"shop-page-wp-item spwp-has-link spwp-one-third\" rel=\"nofollow\">\n            <div class=\"shop-page-wp-image\">\n                <img decoding=\"async\" src=\"https:\/\/astira.org\/wp-content\/uploads\/2026\/03\/Polo-Bordeaux-220x300.png\" alt=\"\"\/>\n            <\/div>\n            <div class=\"shop-page-wp-title\">\n                <h3>Polo bordeaux<\/h3>\n            <\/div>\n\t\t\t\t\t\t                <div class=\"shop-page-wp-description\">\n\t\t\t\t\t\t\t\tPolo bordeaux, insigne brod\u00e9.<p class=\"prix\">20,00 \u20ac TTC<\/p>                <\/div>\n\t\t\t\t\t\t\t\t\t\t\t\t               <div class=\"shop-page-wp-link\">\n                <span class=\"buy-link\">En stock<\/span>               <\/div>\n\t\t\t\t\t\t            <\/a>\t\t\t            <a target=\"_blank\" href=\"https:\/\/astira.org\/wp-content\/uploads\/2026\/03\/Polo-Noir.png\" class=\"shop-page-wp-item spwp-has-link spwp-one-third\" rel=\"nofollow\">\n            <div class=\"shop-page-wp-image\">\n                <img decoding=\"async\" src=\"https:\/\/astira.org\/wp-content\/uploads\/2026\/03\/Polo-Noir-248x300.png\" alt=\"\"\/>\n            <\/div>\n            <div class=\"shop-page-wp-title\">\n                <h3>Polo noir<\/h3>\n            <\/div>\n\t\t\t\t\t\t                <div class=\"shop-page-wp-description\">\n\t\t\t\t\t\t\t\tPolo noir, insigne brod\u00e9.<p class=\"prix\">20,00 \u20ac TTC<\/p>                <\/div>\n\t\t\t\t\t\t\t\t\t\t\t\t               <div class=\"shop-page-wp-link\">\n                <span class=\"buy-link\">En stock<\/span>               <\/div>\n\t\t\t\t\t\t            <\/a>\t\t\t            <a target=\"_blank\" href=\"https:\/\/astira.org\/wp-content\/uploads\/2026\/03\/Polo-Bleu-ciel.png\" class=\"shop-page-wp-item spwp-has-link spwp-one-third\" rel=\"nofollow\">\n            <div class=\"shop-page-wp-image\">\n                <img decoding=\"async\" src=\"https:\/\/astira.org\/wp-content\/uploads\/2026\/03\/Polo-Bleu-ciel-226x300.png\" alt=\"\"\/>\n            <\/div>\n            <div class=\"shop-page-wp-title\">\n                <h3>Polo bleu ciel<\/h3>\n            <\/div>\n\t\t\t\t\t\t                <div class=\"shop-page-wp-description\">\n\t\t\t\t\t\t\t\tPolo bleu ciel, insigne brod\u00e9.<p class=\"prix\">20,00 \u20ac TTC<\/p>                <\/div>\n\t\t\t\t\t\t\t\t\t\t\t\t               <div class=\"shop-page-wp-link\">\n                <span class=\"buy-link\">En stock<\/span>               <\/div>\n\t\t\t\t\t\t            <\/a>\t\t\t            <a target=\"_blank\" href=\"https:\/\/astira.org\/wp-content\/uploads\/2026\/03\/T-Shirt-Bordeaux.png\" class=\"shop-page-wp-item spwp-has-link spwp-one-third\" rel=\"nofollow\">\n            <div class=\"shop-page-wp-image\">\n                <img decoding=\"async\" src=\"https:\/\/astira.org\/wp-content\/uploads\/2026\/03\/T-Shirt-Bordeaux-283x300.png\" alt=\"\"\/>\n            <\/div>\n            <div class=\"shop-page-wp-title\">\n                <h3>T shirt bordeaux<\/h3>\n            <\/div>\n\t\t\t\t\t\t                <div class=\"shop-page-wp-description\">\n\t\t\t\t\t\t\t\tT-shirt bordeaux , insigne ASTIRA s\u00e9rigraphi\u00e9.<p class=\"prix\">15,00 \u20ac TTC<\/p>                <\/div>\n\t\t\t\t\t\t\t\t\t\t\t\t               <div class=\"shop-page-wp-link\">\n                <span class=\"buy-link\">En stock<\/span>               <\/div>\n\t\t\t\t\t\t            <\/a>\t\t\t            <a target=\"_blank\" href=\"https:\/\/astira.org\/wp-content\/uploads\/2026\/03\/T-Shirt-Noir.png\" class=\"shop-page-wp-item spwp-has-link spwp-one-third\" rel=\"nofollow\">\n            <div class=\"shop-page-wp-image\">\n                <img decoding=\"async\" src=\"https:\/\/astira.org\/wp-content\/uploads\/2026\/03\/T-Shirt-Noir-292x300.png\" alt=\"\"\/>\n            <\/div>\n            <div class=\"shop-page-wp-title\">\n                <h3>T-shirt noir<\/h3>\n            <\/div>\n\t\t\t\t\t\t                <div class=\"shop-page-wp-description\">\n\t\t\t\t\t\t\t\tT-shirt noir, insigne ASTIRA s\u00e9rigraphi\u00e9.<p class=\"prix\">15,00 \u20ac TTC<\/p>                <\/div>\n\t\t\t\t\t\t\t\t\t\t\t\t               <div class=\"shop-page-wp-link\">\n                <span class=\"buy-link\">En stock<\/span>               <\/div>\n\t\t\t\t\t\t            <\/a>\t\t\t            <a target=\"_blank\" href=\"https:\/\/astira.org\/wp-content\/uploads\/2026\/03\/T-Shirt-Bleu-ciel.png\" class=\"shop-page-wp-item spwp-has-link spwp-one-third\" rel=\"nofollow\">\n            <div class=\"shop-page-wp-image\">\n                <img decoding=\"async\" src=\"https:\/\/astira.org\/wp-content\/uploads\/2026\/03\/T-Shirt-Bleu-ciel-285x300.png\" alt=\"\"\/>\n            <\/div>\n            <div class=\"shop-page-wp-title\">\n                <h3>T-shirt bleu ciel<\/h3>\n            <\/div>\n\t\t\t\t\t\t                <div class=\"shop-page-wp-description\">\n\t\t\t\t\t\t\t\tT-shirt bleu ciel , insigne ASTIRA s\u00e9rigraphi\u00e9.<p class=\"prix\">15,00 \u20ac TTC<\/p>                <\/div>\n\t\t\t\t\t\t\t\t\t\t\t\t               <div class=\"shop-page-wp-link\">\n                <span class=\"buy-link\">En stock<\/span>               <\/div>\n\t\t\t\t\t\t            <\/a>\t\t\t            <a target=\"_blank\" href=\"https:\/\/astira.org\/wp-content\/uploads\/2026\/03\/Gilet-multipoches-bleu-marine.png\" class=\"shop-page-wp-item spwp-has-link spwp-one-third\" rel=\"nofollow\">\n            <div class=\"shop-page-wp-image\">\n                <img decoding=\"async\" src=\"https:\/\/astira.org\/wp-content\/uploads\/2026\/03\/Gilet-multipoches-bleu-marine-224x300.png\" alt=\"\"\/>\n            <\/div>\n            <div class=\"shop-page-wp-title\">\n                <h3>Gilet multipoches bleu marine<\/h3>\n            <\/div>\n\t\t\t\t\t\t                <div class=\"shop-page-wp-description\">\n\t\t\t\t\t\t\t\tGilet multipoches bleu marine, insigne brod\u00e9.<p class=\"prix\">40,00 \u20ac TTC<\/p>                <\/div>\n\t\t\t\t\t\t\t\t\t\t\t\t               <div class=\"shop-page-wp-link\">\n                <span class=\"buy-link\">En stock<\/span>               <\/div>\n\t\t\t\t\t\t            <\/a>\t\t\t            <a target=\"_blank\" href=\"https:\/\/astira.org\/wp-content\/uploads\/2026\/03\/Gilet-multipoches-beige.png\" class=\"shop-page-wp-item spwp-has-link spwp-one-third\" rel=\"nofollow\">\n            <div class=\"shop-page-wp-image\">\n                <img decoding=\"async\" src=\"https:\/\/astira.org\/wp-content\/uploads\/2026\/03\/Gilet-multipoches-beige-243x300.png\" alt=\"\"\/>\n            <\/div>\n            <div class=\"shop-page-wp-title\">\n                <h3>Gilet multipoches beige<\/h3>\n            <\/div>\n\t\t\t\t\t\t                <div class=\"shop-page-wp-description\">\n\t\t\t\t\t\t\t\tGilet multipoches beige, insigne brod\u00e9.<p class=\"prix\">40,00 \u20ac TTC<\/p>                <\/div>\n\t\t\t\t\t\t\t\t\t\t\t\t               <div class=\"shop-page-wp-link\">\n                <span class=\"buy-link\">En stock<\/span>               <\/div>\n\t\t\t\t\t\t            <\/a>\t\t\t            <a target=\"_blank\" href=\"https:\/\/astira.org\/wp-content\/uploads\/2026\/03\/Casquette-rouge.png\" class=\"shop-page-wp-item spwp-has-link spwp-one-third\" rel=\"nofollow\">\n            <div class=\"shop-page-wp-image\">\n                <img decoding=\"async\" src=\"https:\/\/astira.org\/wp-content\/uploads\/2026\/03\/Casquette-rouge-292x300.png\" alt=\"\"\/>\n            <\/div>\n            <div class=\"shop-page-wp-title\">\n                <h3>Casquette rouge<\/h3>\n            <\/div>\n\t\t\t\t\t\t                <div class=\"shop-page-wp-description\">\n\t\t\t\t\t\t\t\tCasquette rouge, insigne ASTIRA brod\u00e9.<p class=\"prix\">10,00 \u20ac TTC<\/p>                <\/div>\n\t\t\t\t\t\t\t\t\t\t\t\t               <div class=\"shop-page-wp-link\">\n                <span class=\"buy-link\">En stock<\/span>               <\/div>\n\t\t\t\t\t\t            <\/a>\t\t\t            <a target=\"_blank\" href=\"https:\/\/astira.org\/wp-content\/uploads\/2026\/03\/Sweat-shirt-Bordeaux.png\" class=\"shop-page-wp-item spwp-has-link spwp-one-third\" rel=\"nofollow\">\n            <div class=\"shop-page-wp-image\">\n                <img decoding=\"async\" src=\"https:\/\/astira.org\/wp-content\/uploads\/2026\/03\/Sweat-shirt-Bordeaux-249x300.png\" alt=\"\"\/>\n            <\/div>\n            <div class=\"shop-page-wp-title\">\n                <h3>Sweat shirt bordeaux<\/h3>\n            <\/div>\n\t\t\t\t\t\t                <div class=\"shop-page-wp-description\">\n\t\t\t\t\t\t\t\tSweat-shirt bordeaux, insigne brod\u00e9.<p class=\"prix\">30,00 \u20ac TTC<\/p>                <\/div>\n\t\t\t\t\t\t\t\t\t\t\t\t               <div class=\"shop-page-wp-link\">\n                <span class=\"buy-link\">En stock<\/span>               <\/div>\n\t\t\t\t\t\t            <\/a>\t\t\t            <a target=\"_blank\" href=\"https:\/\/astira.org\/wp-content\/uploads\/2026\/03\/Sweat-shirt-vert.png\" class=\"shop-page-wp-item spwp-has-link spwp-one-third\" rel=\"nofollow\">\n            <div class=\"shop-page-wp-image\">\n                <img decoding=\"async\" src=\"https:\/\/astira.org\/wp-content\/uploads\/2026\/03\/Sweat-shirt-vert-259x300.png\" alt=\"\"\/>\n            <\/div>\n            <div class=\"shop-page-wp-title\">\n                <h3>Sweat shirt vert<\/h3>\n            <\/div>\n\t\t\t\t\t\t                <div class=\"shop-page-wp-description\">\n\t\t\t\t\t\t\t\tSweat-shirt vert, insigne brod\u00e9.<p class=\"prix\">30,00 \u20ac TTC<\/p>                <\/div>\n\t\t\t\t\t\t\t\t\t\t\t\t               <div class=\"shop-page-wp-link\">\n                <span class=\"buy-link\">En stock<\/span>               <\/div>\n\t\t\t\t\t\t            <\/a>\t\t\t            <a target=\"_blank\" href=\"https:\/\/astira.org\/wp-content\/uploads\/2026\/03\/Casquette-noir.png\" class=\"shop-page-wp-item spwp-has-link spwp-one-third\" rel=\"nofollow\">\n            <div class=\"shop-page-wp-image\">\n                <img decoding=\"async\" src=\"https:\/\/astira.org\/wp-content\/uploads\/2026\/03\/Casquette-noir-300x292.png\" alt=\"\"\/>\n            <\/div>\n            <div class=\"shop-page-wp-title\">\n                <h3>Casquette noire<\/h3>\n            <\/div>\n\t\t\t\t\t\t                <div class=\"shop-page-wp-description\">\n\t\t\t\t\t\t\t\tCasquette noire, insigne ASTIRA brod\u00e9.<p class=\"prix\">10,00 \u20ac TTC<\/p>                <\/div>\n\t\t\t\t\t\t\t\t\t\t\t\t               <div class=\"shop-page-wp-link\">\n                <span class=\"buy-link\">En stock<\/span>               <\/div>\n\t\t\t\t\t\t            <\/a>\t\t\t            <a class=\"shop-page-wp-item spwp-one-third\">\n            <div class=\"shop-page-wp-image\">\n                <img decoding=\"async\" src=\"https:\/\/astira.org\/wp-content\/uploads\/2023\/12\/Sweat-shirt_manches_longues-300x300.png\" alt=\"\"\/>\n            <\/div>\n            <div class=\"shop-page-wp-title\">\n                <h3>Sweat-shirt manches longues<\/h3>\n            <\/div>\n\t\t\t\t\t\t                <div class=\"shop-page-wp-description\">\n\t\t\t\t\t\t\t\t<p class=\"prix\">PROMO 10,00 \u20ac TTC<\/p>                <\/div>\n\t\t\t\t\t\t\t\t\t\t\t\t               <div class=\"shop-page-wp-link\">\n                <span class=\"buy-link disabled\">En stock<\/span>               <\/div>\n\t\t\t\t\t\t            <\/a>\t\t\t        <\/div>\n\t\t\n<p>[\/et_pb_tab][\/et_pb_tabs][\/et_pb_column][\/et_pb_row][et_pb_row _builder_version=\u00a0\u00bb4.23.3&Prime; _module_preset=\u00a0\u00bbdefault\u00a0\u00bb global_colors_info=\u00a0\u00bb{}\u00a0\u00bb][et_pb_column type=\u00a0\u00bb4_4&Prime; _builder_version=\u00a0\u00bb4.23.3&Prime; _module_preset=\u00a0\u00bbdefault\u00a0\u00bb global_colors_info=\u00a0\u00bb{}\u00a0\u00bb][et_pb_image src=\u00a0\u00bbhttps:\/\/astira.org\/wp-content\/uploads\/2023\/12\/Caddie.png\u00a0\u00bb title_text=\u00a0\u00bbCaddie\u00a0\u00bb align=\u00a0\u00bbcenter\u00a0\u00bb disabled_on=\u00a0\u00bbon|on|off\u00a0\u00bb _builder_version=\u00a0\u00bb4.23.3&Prime; _module_preset=\u00a0\u00bbdefault\u00a0\u00bb height=\u00a0\u00bb94px\u00a0\u00bb global_colors_info=\u00a0\u00bb{}\u00a0\u00bb][\/et_pb_image][\/et_pb_column][\/et_pb_row][\/et_pb_section]<\/p>\n","protected":false},"excerpt":{"rendered":"<p>[et_pb_section fb_built=\u00a0\u00bb1&Prime; fullwidth=\u00a0\u00bbon\u00a0\u00bb _builder_version=\u00a0\u00bb4.23.1&Prime; _module_preset=\u00a0\u00bbdefault\u00a0\u00bb global_colors_info=\u00a0\u00bb{}\u00a0\u00bb][et_pb_fullwidth_header title=\u00a0\u00bbBoutique\u00a0\u00bb text_orientation=\u00a0\u00bbcenter\u00a0\u00bb background_overlay_color=\u00a0\u00bbrgba(94,125,135,0.81)\u00a0\u00bb _builder_version=\u00a0\u00bb4.23.3&Prime; _module_preset=\u00a0\u00bbdefault\u00a0\u00bb title_font=\u00a0\u00bb|700|||||||\u00a0\u00bb background_image=\u00a0\u00bbhttps:\/\/astira.org\/wp-content\/uploads\/2023\/11\/Fond_Entete_Sub1.jpg\u00a0\u00bb background_position=\u00a0\u00bbtop_right\u00a0\u00bb background_vertical_offset=\u00a0\u00bb9%\u00a0\u00bb title_text_shadow_style=\u00a0\u00bbpreset1&Prime; title_text_shadow_color=\u00a0\u00bb#E02B20&Prime; global_colors_info=\u00a0\u00bb{}\u00a0\u00bb] Vous trouverez dans cette page une s\u00e9lection d&rsquo;articles \u00e0 l&rsquo;effigie du club\u2026 [\/et_pb_fullwidth_header][\/et_pb_section][et_pb_section fb_built=\u00a0\u00bb1&Prime; _builder_version=\u00a0\u00bb4.23.1&Prime; _module_preset=\u00a0\u00bbdefault\u00a0\u00bb background_color=\u00a0\u00bbRGBA(255,255,255,0)\u00a0\u00bb background_enable_mask_style=\u00a0\u00bbon\u00a0\u00bb global_colors_info=\u00a0\u00bb{}\u00a0\u00bb][et_pb_row _builder_version=\u00a0\u00bb4.23.3&Prime; _module_preset=\u00a0\u00bbdefault\u00a0\u00bb background_image=\u00a0\u00bbhttps:\/\/astira.org\/wp-content\/uploads\/2023\/11\/FondGrisBDD2Rouge2.png\u00a0\u00bb background_size=\u00a0\u00bbinitial\u00a0\u00bb background_repeat=\u00a0\u00bbrepeat\u00a0\u00bb custom_padding=\u00a0\u00bb|12px||12px|true|true\u00a0\u00bb box_shadow_style=\u00a0\u00bbpreset2&Prime; box_shadow_color=\u00a0\u00bb#00160f\u00a0\u00bb global_colors_info=\u00a0\u00bb{}\u00a0\u00bb][et_pb_column type=\u00a0\u00bb4_4&Prime; _builder_version=\u00a0\u00bb4.23.1&Prime; _module_preset=\u00a0\u00bbdefault\u00a0\u00bb global_colors_info=\u00a0\u00bb{}\u00a0\u00bb][et_pb_text _builder_version=\u00a0\u00bb4.23.3&Prime; _module_preset=\u00a0\u00bbdefault\u00a0\u00bb global_colors_info=\u00a0\u00bb{}\u00a0\u00bb] Les articles [&hellip;]<\/p>\n","protected":false},"author":2,"featured_media":1030,"parent":0,"menu_order":0,"comment_status":"closed","ping_status":"closed","template":"","meta":{"_et_pb_use_builder":"on","_et_pb_old_content":"","_et_gb_content_width":"","footnotes":""},"class_list":["post-974","page","type-page","status-publish","has-post-thumbnail","hentry"],"_links":{"self":[{"href":"https:\/\/astira.org\/index.php\/wp-json\/wp\/v2\/pages\/974","targetHints":{"allow":["GET"]}}],"collection":[{"href":"https:\/\/astira.org\/index.php\/wp-json\/wp\/v2\/pages"}],"about":[{"href":"https:\/\/astira.org\/index.php\/wp-json\/wp\/v2\/types\/page"}],"author":[{"embeddable":true,"href":"https:\/\/astira.org\/index.php\/wp-json\/wp\/v2\/users\/2"}],"replies":[{"embeddable":true,"href":"https:\/\/astira.org\/index.php\/wp-json\/wp\/v2\/comments?post=974"}],"version-history":[{"count":20,"href":"https:\/\/astira.org\/index.php\/wp-json\/wp\/v2\/pages\/974\/revisions"}],"predecessor-version":[{"id":1260,"href":"https:\/\/astira.org\/index.php\/wp-json\/wp\/v2\/pages\/974\/revisions\/1260"}],"wp:featuredmedia":[{"embeddable":true,"href":"https:\/\/astira.org\/index.php\/wp-json\/wp\/v2\/media\/1030"}],"wp:attachment":[{"href":"https:\/\/astira.org\/index.php\/wp-json\/wp\/v2\/media?parent=974"}],"curies":[{"name":"wp","href":"https:\/\/api.w.org\/{rel}","templated":true}]}}